{"id":700,"date":"2026-01-27T12:19:29","date_gmt":"2026-01-27T10:19:29","guid":{"rendered":"https:\/\/elsauna.lt\/?page_id=700"},"modified":"2026-04-16T17:45:25","modified_gmt":"2026-04-16T15:45:25","slug":"kontaktai","status":"publish","type":"page","link":"https:\/\/elsauna.lt\/en\/kontaktai\/","title":{"rendered":"Elsauna \u2013 Kontaktai, Susisiekite su mumis"},"content":{"rendered":"\t\t<div data-elementor-type=\"wp-page\" data-elementor-id=\"700\" class=\"elementor elementor-700\">\n\t\t\t\t<div class=\"elementor-element elementor-element-5eb26ee e-flex e-con-boxed e-con e-parent\" data-id=\"5eb26ee\" data-element_type=\"container\" data-e-type=\"container\" data-settings=\"{&quot;shape_divider_top&quot;:&quot;mountains&quot;}\">\n\t\t\t\t\t<div class=\"e-con-inner\">\n\t\t\t\t<div class=\"elementor-shape elementor-shape-top\" aria-hidden=\"true\" data-negative=\"false\">\n\t\t\t<svg xmlns=\"http:\/\/www.w3.org\/2000\/svg\" viewBox=\"0 0 1000 100\" preserveAspectRatio=\"none\">\n\t<path class=\"elementor-shape-fill\" opacity=\"0.33\" d=\"M473,67.3c-203.9,88.3-263.1-34-320.3,0C66,119.1,0,59.7,0,59.7V0h1000v59.7 c0,0-62.1,26.1-94.9,29.3c-32.8,3.3-62.8-12.3-75.8-22.1C806,49.6,745.3,8.7,694.9,4.7S492.4,59,473,67.3z\"\/>\n\t<path class=\"elementor-shape-fill\" opacity=\"0.66\" d=\"M734,67.3c-45.5,0-77.2-23.2-129.1-39.1c-28.6-8.7-150.3-10.1-254,39.1 s-91.7-34.4-149.2,0C115.7,118.3,0,39.8,0,39.8V0h1000v36.5c0,0-28.2-18.5-92.1-18.5C810.2,18.1,775.7,67.3,734,67.3z\"\/>\n\t<path class=\"elementor-shape-fill\" d=\"M766.1,28.9c-200-57.5-266,65.5-395.1,19.5C242,1.8,242,5.4,184.8,20.6C128,35.8,132.3,44.9,89.9,52.5C28.6,63.7,0,0,0,0 h1000c0,0-9.9,40.9-83.6,48.1S829.6,47,766.1,28.9z\"\/>\n<\/svg>\t\t<\/div>\n\t\t\t\t<div class=\"elementor-element elementor-element-34d5f78 elementor-widget elementor-widget-text-editor\" data-id=\"34d5f78\" data-element_type=\"widget\" data-e-type=\"widget\" data-widget_type=\"text-editor.default\">\n\t\t\t\t\t\t\t\t\t<p>\u00a0<\/p><p>\u00a0<\/p>\t\t\t\t\t\t\t\t<\/div>\n\t\t\t\t\t<\/div>\n\t\t\t\t<\/div>\n\t\t<div class=\"elementor-element elementor-element-1ac0013 e-flex e-con-boxed elementor-invisible e-con e-parent\" data-id=\"1ac0013\" data-element_type=\"container\" data-e-type=\"container\" data-settings=\"{&quot;animation&quot;:&quot;fadeIn&quot;}\">\n\t\t\t\t\t<div class=\"e-con-inner\">\n\t\t\t\t<div class=\"elementor-element elementor-element-8c234db elementor-widget elementor-widget-text-editor\" data-id=\"8c234db\" data-element_type=\"widget\" data-e-type=\"widget\" data-widget_type=\"text-editor.default\">\n\t\t\t\t\t\t\t\t\t<h1 style=\"text-align: center;\">Kontaktai<\/h1>\t\t\t\t\t\t\t\t<\/div>\n\t\t\t\t\t<\/div>\n\t\t\t\t<\/div>\n\t\t<div class=\"elementor-element elementor-element-5dfdf16 e-grid e-con-boxed e-con e-parent\" data-id=\"5dfdf16\" data-element_type=\"container\" data-e-type=\"container\">\n\t\t\t\t\t<div class=\"e-con-inner\">\n\t\t\t\t<div class=\"elementor-element elementor-element-4d99a71 elementor-widget__width-initial elementor-widget elementor-widget-text-editor\" data-id=\"4d99a71\" data-element_type=\"widget\" data-e-type=\"widget\" data-widget_type=\"text-editor.default\">\n\t\t\t\t\t\t\t\t\t<div class=\"layout-element layout-element--layout layout-element transition transition--scale\" data-v-4edbe80f=\"\" data-qa=\"layout-element-wrapper:ai-tlemfy\" data-animation-state=\"active\"><div id=\"ai-tlemFY\" class=\"text-box layout-element__component layout-element__component--GridTextBox\" style=\"text-align: center;\" data-v-4edbe80f=\"\" data-qa=\"gridtextbox:ai-tlemfy\"><h5 dir=\"auto\"><strong>\ud83d\udcde Telefonas:<\/strong><\/h5><p><u style=\"font-style: inherit; font-weight: inherit;\"><a href=\"tel:+37066991004\" target=\"_self\" rel=\"\" data-page-id=\"\">+370 669 91004<\/a><\/u><\/p><\/div><\/div><div class=\"layout-element layout-element--layout layout-element transition transition--scale\" data-v-4edbe80f=\"\" data-qa=\"layout-element-wrapper:ai-2brhek\" data-animation-state=\"active\"><div id=\"ai-2BRHeK\" class=\"text-box layout-element__component layout-element__component--GridTextBox\" data-v-4edbe80f=\"\" data-qa=\"gridtextbox:ai-2brhek\"><p dir=\"auto\" style=\"text-align: center;\">\u00a0<\/p><\/div><\/div><div class=\"layout-element layout-element--layout layout-element transition transition--scale\" data-v-4edbe80f=\"\" data-qa=\"layout-element-wrapper:ai-8ma8qk\" data-animation-state=\"active\"><div id=\"ai-8MA8qk\" class=\"text-box layout-element__component layout-element__component--GridTextBox\" data-v-4edbe80f=\"\" data-qa=\"gridtextbox:ai-8ma8qk\"><h5 dir=\"auto\" style=\"text-align: center;\"><strong>\ud83d\udce7 El. pa\u0161tas:<\/strong><\/h5><\/div><\/div><div class=\"layout-element layout-element--layout layout-element transition transition--scale\" style=\"text-align: center;\" data-v-4edbe80f=\"\" data-qa=\"layout-element-wrapper:ai-t46he2\" data-animation-state=\"active\"><div id=\"ai-T46He2\" class=\"text-box layout-element__component layout-element__component--GridTextBox\" data-v-4edbe80f=\"\" data-qa=\"gridtextbox:ai-t46he2\"><p class=\"body\" dir=\"auto\"><a href=\"mailto:garodvasia@gmail.com\">garodvasia@gmail.com<\/a><\/p><\/div><\/div>\t\t\t\t\t\t\t\t<\/div>\n\t\t\t\t<div class=\"elementor-element elementor-element-2da8896 elementor-widget__width-initial elementor-widget-mobile__width-inherit elementor-widget elementor-widget-text-editor\" data-id=\"2da8896\" data-element_type=\"widget\" data-e-type=\"widget\" data-widget_type=\"text-editor.default\">\n\t\t\t\t\t\t\t\t\t<div class=\"layout-element layout-element--layout layout-element transition transition--scale\" data-v-4edbe80f=\"\" data-qa=\"layout-element-wrapper:ai-tlemfy\" data-animation-state=\"active\">\n<div id=\"ai-tlemFY\" class=\"text-box layout-element__component layout-element__component--GridTextBox\" style=\"text-align: center;\" data-v-4edbe80f=\"\" data-qa=\"gridtextbox:ai-tlemfy\">\n<div class=\"layout-element layout-element--layout layout-element transition transition--scale\" data-v-4edbe80f=\"\" data-qa=\"layout-element-wrapper:ai-8ma8qk\" data-animation-state=\"active\">\n<div id=\"ai-8MA8qk\" class=\"text-box layout-element__component layout-element__component--GridTextBox\" data-v-4edbe80f=\"\" data-qa=\"gridtextbox:ai-8ma8qk\">\n<h6 dir=\"auto\"><strong>Facebook:<\/strong><\/h6>\n<\/div>\n<\/div>\n<div class=\"layout-element layout-element--layout layout-element transition transition--scale\" style=\"text-align: right;\" data-v-4edbe80f=\"\" data-qa=\"layout-element-wrapper:ai-t46he2\" data-animation-state=\"active\">\n<div id=\"ai-T46He2\" class=\"text-box layout-element__component layout-element__component--GridTextBox\" data-v-4edbe80f=\"\" data-qa=\"gridtextbox:ai-t46he2\">\n<p class=\"body\" dir=\"auto\" style=\"text-align: center;\"><a href=\"https:\/\/www.facebook.com\/garodvasia\" target=\"_blank\" rel=\"noopener noreferrer nofollow\">@garodvasia<\/a><\/p>\n<p dir=\"auto\" style=\"text-align: center;\">\u00a0<\/p>\n<\/div>\n<\/div>\n<h6 dir=\"auto\">\u00a0<\/h6>\n<h6 dir=\"auto\"><strong>Instagram:<\/strong><\/h6>\n<\/div>\n<\/div>\n<div class=\"layout-element layout-element--layout layout-element transition transition--scale\" data-v-4edbe80f=\"\" data-qa=\"layout-element-wrapper:ai-2brhek\" data-animation-state=\"active\">\n<div id=\"ai-2BRHeK\" class=\"text-box layout-element__component layout-element__component--GridTextBox\" data-v-4edbe80f=\"\" data-qa=\"gridtextbox:ai-2brhek\">\n<p class=\"body\" dir=\"auto\" style=\"text-align: center;\"><a href=\"https:\/\/www.instagram.com\/elsauna.lt\/\" target=\"_blank\" rel=\"noopener noreferrer nofollow\"><u>@elsauna.lt<\/u><\/a><\/p>\n<p dir=\"auto\" style=\"text-align: center;\">\u00a0<\/p>\n<\/div>\n<\/div>\t\t\t\t\t\t\t\t<\/div>\n\t\t\t\t\t<\/div>\n\t\t\t\t<\/div>\n\t\t<div class=\"elementor-element elementor-element-a1b9aff e-flex e-con-boxed e-con e-parent\" data-id=\"a1b9aff\" data-element_type=\"container\" data-e-type=\"container\">\n\t\t\t\t\t<div class=\"e-con-inner\">\n\t\t\t\t<div class=\"elementor-element elementor-element-227cb91 elementor-widget elementor-widget-text-editor\" data-id=\"227cb91\" data-element_type=\"widget\" data-e-type=\"widget\" data-widget_type=\"text-editor.default\">\n\t\t\t\t\t\t\t\t\t<p style=\"text-align: center;\">\u00a0<\/p><p style=\"text-align: center;\"><strong>Darbo laikas: <\/strong>I-V: 8 \u2013 20 val.<\/p>\t\t\t\t\t\t\t\t<\/div>\n\t\t\t\t<div class=\"elementor-element elementor-element-41dc9c8 elementor-widget__width-inherit elementor-widget-tablet__width-inherit elementor-widget-mobile__width-inherit elementor-widget elementor-widget-image\" data-id=\"41dc9c8\" data-element_type=\"widget\" data-e-type=\"widget\" data-widget_type=\"image.default\">\n\t\t\t\t\t\t\t\t\t\t\t\t\t\t\t<img decoding=\"async\" width=\"1016\" height=\"46\" src=\"https:\/\/elsauna.lt\/wp-content\/uploads\/2026\/03\/Screenshot-2026-03-17-233600.png\" class=\"attachment-full size-full wp-image-2329\" alt=\"\" srcset=\"https:\/\/elsauna.lt\/wp-content\/uploads\/2026\/03\/Screenshot-2026-03-17-233600.png 1016w, https:\/\/elsauna.lt\/wp-content\/uploads\/2026\/03\/Screenshot-2026-03-17-233600-300x14.png 300w, https:\/\/elsauna.lt\/wp-content\/uploads\/2026\/03\/Screenshot-2026-03-17-233600-768x35.png 768w, https:\/\/elsauna.lt\/wp-content\/uploads\/2026\/03\/Screenshot-2026-03-17-233600-900x41.png 900w\" sizes=\"(max-width: 1016px) 100vw, 1016px\" \/>\t\t\t\t\t\t\t\t\t\t\t\t\t\t\t<\/div>\n\t\t\t\t\t<\/div>\n\t\t\t\t<\/div>\n\t\t<div class=\"elementor-element elementor-element-b4c2235 e-flex e-con-boxed e-con e-parent\" data-id=\"b4c2235\" data-element_type=\"container\" data-e-type=\"container\">\n\t\t\t\t\t<div class=\"e-con-inner\">\n\t\t\t\t<div class=\"elementor-element elementor-element-ac1acfc elementor-widget elementor-widget-text-editor\" data-id=\"ac1acfc\" data-element_type=\"widget\" data-e-type=\"widget\" data-widget_type=\"text-editor.default\">\n\t\t\t\t\t\t\t\t\t<p>\u00a0<\/p><p>\u00a0<\/p><p>\u00a0<\/p><p>\u00a0<\/p>\t\t\t\t\t\t\t\t<\/div>\n\t\t\t\t\t<\/div>\n\t\t\t\t<\/div>\n\t\t<div class=\"elementor-element elementor-element-9338f2b e-flex e-con-boxed elementor-invisible e-con e-parent\" data-id=\"9338f2b\" data-element_type=\"container\" data-e-type=\"container\" data-settings=\"{&quot;animation&quot;:&quot;fadeIn&quot;,&quot;background_background&quot;:&quot;classic&quot;}\">\n\t\t\t\t\t<div class=\"e-con-inner\">\n\t\t\t\t<div class=\"elementor-element elementor-element-096a91b elementor-widget elementor-widget-text-editor\" data-id=\"096a91b\" data-element_type=\"widget\" data-e-type=\"widget\" data-widget_type=\"text-editor.default\">\n\t\t\t\t\t\t\t\t\t<h1 style=\"text-align: center; color: white;\">Susisekite su mumis<\/h1><h2 style=\"text-align: center; color: white;\"><strong>Turite klausim\u0173 ar norite patarimo? Ra\u0161ykite \u2013 mielai pad\u0117sime.<\/strong><\/h2><p><!-- \/wp:fl-builder\/layout --><\/p>\t\t\t\t\t\t\t\t<\/div>\n\t\t\t\t\t<\/div>\n\t\t\t\t<\/div>\n\t\t<div class=\"elementor-element elementor-element-6fd7795 e-flex e-con-boxed elementor-invisible e-con e-parent\" data-id=\"6fd7795\" data-element_type=\"container\" data-e-type=\"container\" data-settings=\"{&quot;animation&quot;:&quot;fadeIn&quot;,&quot;background_background&quot;:&quot;classic&quot;}\">\n\t\t\t\t\t<div class=\"e-con-inner\">\n\t\t\t\t<div class=\"elementor-element elementor-element-88c70cc elementor-widget elementor-widget-wpforms\" data-id=\"88c70cc\" data-element_type=\"widget\" data-e-type=\"widget\" data-widget_type=\"wpforms.default\">\n\t\t\t\t<div class=\"elementor-widget-container\">\n\t\t\t\t\t<style id=\"wpforms-css-vars-elementor-widget-88c70cc\">\n\t\t\t\t.elementor-widget-wpforms.elementor-element-88c70cc {\n\t\t\t\t--wpforms-label-error-color: #C76A4D;\n--wpforms-button-background-color: #FFF5E1;\n--wpforms-field-background-color: #FFFFFF;\n--wpforms-field-text-color: #45392D;\n--wpforms-label-color: #FFFFFF;\n--wpforms-button-text-color: #45392D;\n--wpforms-label-size-font-size: 18px;\n--wpforms-label-size-line-height: 21px;\n--wpforms-label-size-sublabel-font-size: 16px;\n--wpforms-label-size-sublabel-line-height: 19px;\n--wpforms-button-size-font-size: 20px;\n--wpforms-button-size-height: 48px;\n--wpforms-button-size-padding-h: 20px;\n--wpforms-button-size-margin-top: 15px;\n\t\t\t}\n\t\t\t<\/style><div class=\"wpforms-container wpforms-container-full wpforms-render-modern\" id=\"wpforms-591\"><form id=\"wpforms-form-591\" class=\"wpforms-validate wpforms-form wpforms-ajax-form\" data-formid=\"591\" method=\"post\" enctype=\"multipart\/form-data\" action=\"\/en\/wp-json\/wp\/v2\/pages\/700\" data-token=\"3c7a47553e8d66ae646ddea5203b5976\" data-token-time=\"1776432457\"><noscript class=\"wpforms-error-noscript\">Please enable JavaScript in your browser to complete this form.<\/noscript><div id=\"wpforms-error-noscript\" style=\"display: none;\">Please enable JavaScript in your browser to complete this form.<\/div><div class=\"wpforms-field-container\"><div id=\"wpforms-591-field_1-container\" class=\"wpforms-field wpforms-field-name\" data-field-id=\"1\"><fieldset><legend class=\"wpforms-field-label\">Vardas <span class=\"wpforms-required-label\" aria-hidden=\"true\">*<\/span><\/legend><div class=\"wpforms-field-row wpforms-field-medium\"><div class=\"wpforms-field-row-block wpforms-first wpforms-one-half\"><input type=\"text\" id=\"wpforms-591-field_1\" class=\"wpforms-field-name-first wpforms-field-required\" name=\"wpforms[fields][1][first]\" placeholder=\"J\u016bs\u0173 vardas\" aria-errormessage=\"wpforms-591-field_1-error\" required><label for=\"wpforms-591-field_1\" class=\"wpforms-field-sublabel after wpforms-sublabel-hide\">First<\/label><\/div><div class=\"wpforms-field-row-block wpforms-one-half\"><input type=\"text\" id=\"wpforms-591-field_1-last\" class=\"wpforms-field-name-last wpforms-field-required\" name=\"wpforms[fields][1][last]\" placeholder=\"J\u016bs\u0173 pavard\u0117\" aria-errormessage=\"wpforms-591-field_1-last-error\" required><label for=\"wpforms-591-field_1-last\" class=\"wpforms-field-sublabel after wpforms-sublabel-hide\">Last<\/label><\/div><\/div><\/fieldset><\/div><div id=\"wpforms-591-field_2-container\" class=\"wpforms-field wpforms-field-email\" data-field-id=\"2\"><label class=\"wpforms-field-label\" for=\"wpforms-591-field_2\">El. pa\u0161tas <span class=\"wpforms-required-label\" aria-hidden=\"true\">*<\/span><\/label><input type=\"email\" id=\"wpforms-591-field_2\" class=\"wpforms-field-medium wpforms-field-required\" name=\"wpforms[fields][2]\" placeholder=\"J\u016bs\u0173 el. pa\u0161tas\" spellcheck=\"false\" aria-errormessage=\"wpforms-591-field_2-error\" required><\/div>\t\t<div id=\"wpforms-591-field_4-container\"\n\t\t\tclass=\"wpforms-field wpforms-field-text\"\n\t\t\tdata-field-type=\"text\"\n\t\t\tdata-field-id=\"4\"\n\t\t\t>\n\t\t\t<label class=\"wpforms-field-label\" for=\"wpforms-591-field_4\" >pa\u0161tas Prane\u0161imas El.<\/label>\n\t\t\t<input type=\"text\" id=\"wpforms-591-field_4\" class=\"wpforms-field-medium\" name=\"wpforms[fields][4]\" >\n\t\t<\/div>\n\t\t<div id=\"wpforms-591-field_3-container\" class=\"wpforms-field wpforms-field-textarea\" data-field-id=\"3\"><label class=\"wpforms-field-label\" for=\"wpforms-591-field_3\">Prane\u0161imas <span class=\"wpforms-required-label\" aria-hidden=\"true\">*<\/span><\/label><textarea id=\"wpforms-591-field_3\" class=\"wpforms-field-medium wpforms-field-required\" name=\"wpforms[fields][3]\" placeholder=\"Para\u0161ykite d\u0117l ko norite susisiekti su mumis\" aria-errormessage=\"wpforms-591-field_3-error\" required><\/textarea><\/div><script>\n\t\t\t\t( function() {\n\t\t\t\t\tconst style = document.createElement( 'style' );\n\t\t\t\t\tstyle.appendChild( document.createTextNode( '#wpforms-591-field_4-container { position: absolute !important; overflow: hidden !important; display: inline !important; height: 1px !important; width: 1px !important; z-index: -1000 !important; padding: 0 !important; } #wpforms-591-field_4-container input { visibility: hidden; } #wpforms-conversational-form-page #wpforms-591-field_4-container label { counter-increment: none; }' ) );\n\t\t\t\t\tdocument.head.appendChild( style );\n\t\t\t\t\tdocument.currentScript?.remove();\n\t\t\t\t} )();\n\t\t\t<\/script><\/div><!-- .wpforms-field-container --><div class=\"wpforms-submit-container\" ><input type=\"hidden\" name=\"wpforms[id]\" value=\"591\"><input type=\"hidden\" name=\"page_title\" value=\"\"><input type=\"hidden\" name=\"page_url\" value=\"https:\/\/elsauna.lt\/en\/wp-json\/wp\/v2\/pages\/700\"><input type=\"hidden\" name=\"url_referer\" value=\"\"><button type=\"submit\" name=\"wpforms[submit]\" id=\"wpforms-submit-591\" class=\"wpforms-submit\" data-alt-text=\"Siun\u010diama\" data-submit-text=\"Si\u0173sti\" aria-live=\"assertive\" value=\"wpforms-submit\">Si\u0173sti<\/button><img decoding=\"async\" src=\"https:\/\/elsauna.lt\/wp-content\/plugins\/wpforms-lite\/assets\/images\/submit-spin.svg\" class=\"wpforms-submit-spinner\" style=\"display: none;\" width=\"26\" height=\"26\" alt=\"Loading\"><\/div><\/form><\/div>  <!-- .wpforms-container -->\t\t\t\t<\/div>\n\t\t\t\t<\/div>\n\t\t\t\t\t<\/div>\n\t\t\t\t<\/div>\n\t\t<div class=\"elementor-element elementor-element-a543d60 e-flex e-con-boxed e-con e-parent\" data-id=\"a543d60\" data-element_type=\"container\" data-e-type=\"container\" data-settings=\"{&quot;shape_divider_bottom&quot;:&quot;mountains&quot;,&quot;background_background&quot;:&quot;classic&quot;}\">\n\t\t\t\t\t<div class=\"e-con-inner\">\n\t\t\t\t<div class=\"elementor-shape elementor-shape-bottom\" aria-hidden=\"true\" data-negative=\"false\">\n\t\t\t<svg xmlns=\"http:\/\/www.w3.org\/2000\/svg\" viewBox=\"0 0 1000 100\" preserveAspectRatio=\"none\">\n\t<path class=\"elementor-shape-fill\" opacity=\"0.33\" d=\"M473,67.3c-203.9,88.3-263.1-34-320.3,0C66,119.1,0,59.7,0,59.7V0h1000v59.7 c0,0-62.1,26.1-94.9,29.3c-32.8,3.3-62.8-12.3-75.8-22.1C806,49.6,745.3,8.7,694.9,4.7S492.4,59,473,67.3z\"\/>\n\t<path class=\"elementor-shape-fill\" opacity=\"0.66\" d=\"M734,67.3c-45.5,0-77.2-23.2-129.1-39.1c-28.6-8.7-150.3-10.1-254,39.1 s-91.7-34.4-149.2,0C115.7,118.3,0,39.8,0,39.8V0h1000v36.5c0,0-28.2-18.5-92.1-18.5C810.2,18.1,775.7,67.3,734,67.3z\"\/>\n\t<path class=\"elementor-shape-fill\" d=\"M766.1,28.9c-200-57.5-266,65.5-395.1,19.5C242,1.8,242,5.4,184.8,20.6C128,35.8,132.3,44.9,89.9,52.5C28.6,63.7,0,0,0,0 h1000c0,0-9.9,40.9-83.6,48.1S829.6,47,766.1,28.9z\"\/>\n<\/svg>\t\t<\/div>\n\t\t\t\t<div class=\"elementor-element elementor-element-5ccd5df elementor-widget elementor-widget-text-editor\" data-id=\"5ccd5df\" data-element_type=\"widget\" data-e-type=\"widget\" data-widget_type=\"text-editor.default\">\n\t\t\t\t\t\t\t\t\t<p>\u00a0<\/p><p>\u00a0<\/p>\t\t\t\t\t\t\t\t<\/div>\n\t\t\t\t\t<\/div>\n\t\t\t\t<\/div>\n\t\t\t\t<\/div>\n\t\t","protected":false},"excerpt":{"rendered":"<p>\u00a0 \u00a0 Kontaktai \ud83d\udcde Telefonas: +370 669 91004 \u00a0 \ud83d\udce7 El. pa\u0161tas: garodvasia@gmail.com Facebook: @garodvasia \u00a0 \u00a0 Instagram: @elsauna.lt \u00a0 [&hellip;]<\/p>\n","protected":false},"author":1,"featured_media":0,"parent":0,"menu_order":0,"comment_status":"closed","ping_status":"closed","template":"","meta":{"_monsterinsights_skip_tracking":false,"_monsterinsights_sitenote_active":false,"_monsterinsights_sitenote_note":"","_monsterinsights_sitenote_category":0,"site-sidebar-layout":"no-sidebar","site-content-layout":"","ast-site-content-layout":"default","site-content-style":"default","site-sidebar-style":"default","ast-global-header-display":"","ast-banner-title-visibility":"","ast-main-header-display":"","ast-hfb-above-header-display":"","ast-hfb-below-header-display":"","ast-hfb-mobile-header-display":"","site-post-title":"disabled","ast-breadcrumbs-content":"","ast-featured-img":"disabled","footer-sml-layout":"","ast-disable-related-posts":"","theme-transparent-header-meta":"","adv-header-id-meta":"","stick-header-meta":"","header-above-stick-meta":"","header-main-stick-meta":"","header-below-stick-meta":"","astra-migrate-meta-layouts":"default","ast-page-background-enabled":"default","ast-page-background-meta":{"desktop":{"background-color":"var(--ast-global-color-5)","background-image":"","background-repeat":"repeat","background-position":"center center","background-size":"auto","background-attachment":"scroll","background-type":"","background-media":"","overlay-type":"","overlay-color":"","overlay-opacity":"","overlay-gradient":""},"tablet":{"background-color":"","background-image":"","background-repeat":"repeat","background-position":"center center","background-size":"auto","background-attachment":"scroll","background-type":"","background-media":"","overlay-type":"","overlay-color":"","overlay-opacity":"","overlay-gradient":""},"mobile":{"background-color":"","background-image":"","background-repeat":"repeat","background-position":"center center","background-size":"auto","background-attachment":"scroll","background-type":"","background-media":"","overlay-type":"","overlay-color":"","overlay-opacity":"","overlay-gradient":""}},"ast-content-background-meta":{"desktop":{"background-color":"var(--ast-global-color-4)","background-image":"","background-repeat":"repeat","background-position":"center center","background-size":"auto","background-attachment":"scroll","background-type":"","background-media":"","overlay-type":"","overlay-color":"","overlay-opacity":"","overlay-gradient":""},"tablet":{"background-color":"var(--ast-global-color-4)","background-image":"","background-repeat":"repeat","background-position":"center center","background-size":"auto","background-attachment":"scroll","background-type":"","background-media":"","overlay-type":"","overlay-color":"","overlay-opacity":"","overlay-gradient":""},"mobile":{"background-color":"var(--ast-global-color-4)","background-image":"","background-repeat":"repeat","background-position":"center center","background-size":"auto","background-attachment":"scroll","background-type":"","background-media":"","overlay-type":"","overlay-color":"","overlay-opacity":"","overlay-gradient":""}},"footnotes":""},"class_list":["post-700","page","type-page","status-publish","hentry"],"aioseo_notices":[],"_links":{"self":[{"href":"https:\/\/elsauna.lt\/en\/wp-json\/wp\/v2\/pages\/700","targetHints":{"allow":["GET"]}}],"collection":[{"href":"https:\/\/elsauna.lt\/en\/wp-json\/wp\/v2\/pages"}],"about":[{"href":"https:\/\/elsauna.lt\/en\/wp-json\/wp\/v2\/types\/page"}],"author":[{"embeddable":true,"href":"https:\/\/elsauna.lt\/en\/wp-json\/wp\/v2\/users\/1"}],"replies":[{"embeddable":true,"href":"https:\/\/elsauna.lt\/en\/wp-json\/wp\/v2\/comments?post=700"}],"version-history":[{"count":138,"href":"https:\/\/elsauna.lt\/en\/wp-json\/wp\/v2\/pages\/700\/revisions"}],"predecessor-version":[{"id":2650,"href":"https:\/\/elsauna.lt\/en\/wp-json\/wp\/v2\/pages\/700\/revisions\/2650"}],"wp:attachment":[{"href":"https:\/\/elsauna.lt\/en\/wp-json\/wp\/v2\/media?parent=700"}],"curies":[{"name":"wp","href":"https:\/\/api.w.org\/{rel}","templated":true}]}}